{"id":262,"date":"2025-08-15T09:31:28","date_gmt":"2025-08-15T09:31:28","guid":{"rendered":"https:\/\/bosshoanghai.com\/?page_id=262"},"modified":"2025-12-09T07:36:32","modified_gmt":"2025-12-09T07:36:32","slug":"hong-duc","status":"publish","type":"page","link":"https:\/\/bosshoanghai.com\/tuongquan\/","title":{"rendered":"H\u1ed3ng \u0110\u1ee9c"},"content":{"rendered":"\n<p class=\"has-text-align-center\" style=\"font-size:24px\">H\u1ed2NG \u0110\u1ee8C TR\u00cd D\u0168NG NH\u00c2N PH\u00daC T\u00c0I L\u1ed8C<\/p>\n\n\n\n<p class=\"has-text-align-center\" style=\"font-size:22px\">\u6d2a\u5fb7 \u667a\u52c7\u4ec1 \u798f\u8ca1\u797f<\/p>\n\n\n<div class=\"wp-block-image\">\n<figure class=\"aligncenter size-full\"><img loading=\"lazy\" decoding=\"async\" width=\"736\" height=\"978\" src=\"https:\/\/bosshoanghai.com\/wp-content\/uploads\/solaris\/cn\/cn-www\/sites\/11\/2025\/08\/1000007149.jpg\" alt=\"\" class=\"wp-image-275\" srcset=\"https:\/\/bosshoanghai.com\/tuongquan\/wp-content\/uploads\/solaris\/cn\/cn-www\/sites\/11\/2025\/08\/1000007149.jpg 736w, https:\/\/bosshoanghai.com\/tuongquan\/wp-content\/uploads\/solaris\/cn\/cn-www\/sites\/11\/2025\/08\/1000007149-226x300.jpg 226w\" sizes=\"auto, (max-width: 736px) 100vw, 736px\" \/><\/figure>\n<\/div>\n\n\n<p class=\"has-text-align-center\">Mi\u00eau \u0110\u1ea1i So\u00e1i \u8c93\u5927\u5e25<\/p>\n\n\n\n<p class=\"has-text-align-center has-large-font-size\">KH\u00d4N NGOAN<\/p>\n\n\n\n<p class=\"has-text-align-center\">V\u1ecb qu\u00e2n s\u01b0 t\u00e0i ba, am hi\u1ec3u t\u01b0\u1eddng t\u1eadn nh\u1eefng b\u00ed m\u1eadt c\u1ee7a ch\u1ee9c quy\u1ec1n, c\u00f4ng danh, t\u00e0i l\u1ed9c<\/p>\n\n\n\n<p class=\"has-text-align-center\">\u0110\u1ed8C L\u1eacP V\u00c0 T\u1ef0 CH\u1ee6<\/p>\n\n\n\n<div style=\"height:12px\" aria-hidden=\"true\" class=\"wp-block-spacer\"><\/div>\n\n\n\n<p class=\"has-text-align-center\" style=\"font-size:24px\">Ph\u01b0\u01a1ng \u0110\u00f4ng c\u1ee7a V\u01b0\u01a1ng Qu\u1ed1c Quang Minh do Mi\u00eau \u0110\u1ea1i So\u00e1i th\u1ed1ng qu\u1ea3n<\/p>\n\n\n\n<div style=\"height:12px\" aria-hidden=\"true\" class=\"wp-block-spacer\"><\/div>\n\n\n<div class=\"wp-block-image\">\n<figure class=\"aligncenter size-full\"><img loading=\"lazy\" decoding=\"async\" width=\"1080\" height=\"1094\" src=\"https:\/\/bosshoanghai.com\/wp-content\/uploads\/solaris\/cn\/cn-www\/sites\/11\/2025\/08\/1000007664.jpg\" alt=\"\" class=\"wp-image-287\" srcset=\"https:\/\/bosshoanghai.com\/tuongquan\/wp-content\/uploads\/solaris\/cn\/cn-www\/sites\/11\/2025\/08\/1000007664.jpg 1080w, https:\/\/bosshoanghai.com\/tuongquan\/wp-content\/uploads\/solaris\/cn\/cn-www\/sites\/11\/2025\/08\/1000007664-296x300.jpg 296w, https:\/\/bosshoanghai.com\/tuongquan\/wp-content\/uploads\/solaris\/cn\/cn-www\/sites\/11\/2025\/08\/1000007664-1011x1024.jpg 1011w, https:\/\/bosshoanghai.com\/tuongquan\/wp-content\/uploads\/solaris\/cn\/cn-www\/sites\/11\/2025\/08\/1000007664-768x778.jpg 768w\" sizes=\"auto, (max-width: 1080px) 100vw, 1080px\" \/><\/figure>\n<\/div>\n\n\n<p class=\"has-text-align-center has-small-font-size\">BOSS HO\u00c0NG H\u1ea2I GI\u00daP B\u1ea0N X\u00c2Y D\u1ef0NG CON NG\u01af\u1edcI<\/p>\n\n\n\n<div style=\"height:12px\" aria-hidden=\"true\" class=\"wp-block-spacer\"><\/div>\n","protected":false},"excerpt":{"rendered":"<p>H\u1ed2NG \u0110\u1ee8C TR\u00cd D\u0168NG NH\u00c2N PH\u00daC T\u00c0I L\u1ed8C \u6d2a\u5fb7 \u667a\u52c7\u4ec1 \u798f\u8ca1\u797f Mi\u00eau \u0110\u1ea1i So\u00e1i \u8c93\u5927\u5e25 KH\u00d4N NGOAN V\u1ecb qu\u00e2n s\u01b0 t\u00e0i ba, am hi\u1ec3u t\u01b0\u1eddng t\u1eadn nh\u1eefng b\u00ed m\u1eadt c\u1ee7a ch\u1ee9c quy\u1ec1n, c\u00f4ng danh, t\u00e0i l\u1ed9c \u0110\u1ed8C L\u1eacP V\u00c0 T\u1ef0 CH\u1ee6 Ph\u01b0\u01a1ng \u0110\u00f4ng c\u1ee7a V\u01b0\u01a1ng Qu\u1ed1c Quang Minh do Mi\u00eau \u0110\u1ea1i So\u00e1i th\u1ed1ng qu\u1ea3n BOSS&hellip;<\/p>\n","protected":false},"author":6,"featured_media":0,"parent":0,"menu_order":0,"comment_status":"closed","ping_status":"closed","template":"","meta":{"footnotes":""},"class_list":["post-262","page","type-page","status-publish","hentry"],"_links":{"self":[{"href":"https:\/\/bosshoanghai.com\/tuongquan\/wp-json\/wp\/v2\/pages\/262","targetHints":{"allow":["GET"]}}],"collection":[{"href":"https:\/\/bosshoanghai.com\/tuongquan\/wp-json\/wp\/v2\/pages"}],"about":[{"href":"https:\/\/bosshoanghai.com\/tuongquan\/wp-json\/wp\/v2\/types\/page"}],"author":[{"embeddable":true,"href":"https:\/\/bosshoanghai.com\/tuongquan\/wp-json\/wp\/v2\/users\/6"}],"replies":[{"embeddable":true,"href":"https:\/\/bosshoanghai.com\/tuongquan\/wp-json\/wp\/v2\/comments?post=262"}],"version-history":[{"count":19,"href":"https:\/\/bosshoanghai.com\/tuongquan\/wp-json\/wp\/v2\/pages\/262\/revisions"}],"predecessor-version":[{"id":309,"href":"https:\/\/bosshoanghai.com\/tuongquan\/wp-json\/wp\/v2\/pages\/262\/revisions\/309"}],"wp:attachment":[{"href":"https:\/\/bosshoanghai.com\/tuongquan\/wp-json\/wp\/v2\/media?parent=262"}],"curies":[{"name":"wp","href":"https:\/\/api.w.org\/{rel}","templated":true}]}}